{"id":41,"date":"2020-09-16T22:00:59","date_gmt":"2020-09-16T20:00:59","guid":{"rendered":"http:\/\/iza2.rudny.eu\/?post_type=product&#038;p=41"},"modified":"2020-11-09T18:12:03","modified_gmt":"2020-11-09T17:12:03","slug":"koszulka-angel-and-devil","status":"publish","type":"product","link":"https:\/\/kotomory.rudny.eu\/index.php\/produkt\/koszulka-angel-and-devil\/","title":{"rendered":"Koszulka angel and devil"},"content":{"rendered":"<div id=\"tab-description\" class=\"woocommerce-Tabs-panel woocommerce-Tabs-panel--description panel entry-content wc-tab\" role=\"tabpanel\" aria-labelledby=\"tab-title-description\">\n<h2>Angel and devil &#8211; Koszulka<\/h2>\n<div id=\"idTextPanel\" class=\"jqDnR\">\n<p>Nic doda\u0107, nic uj\u0105\u0107, tylko kt\u00f3ry g\u0142os jest bardziej z\u0142o\u015bliwy?<\/p>\n<\/div>\n<\/div>\n","protected":false},"excerpt":{"rendered":"<div id=\"tab-description\" class=\"woocommerce-Tabs-panel woocommerce-Tabs-panel--description panel entry-content wc-tab\" role=\"tabpanel\" aria-labelledby=\"tab-title-description\">\n<h4>materia\u0142: 100% bawe\u0142na<\/h4>\n<h4>gramatura: 160 g\/m2<\/h4>\n<\/div>\n","protected":false},"featured_media":273,"template":"","meta":{"_monsterinsights_skip_tracking":false,"_monsterinsights_sitenote_active":false,"_monsterinsights_sitenote_note":"","_monsterinsights_sitenote_category":0},"product_brand":[],"product_cat":[22],"product_tag":[21,25,23,24],"class_list":{"0":"post-41","1":"product","2":"type-product","3":"status-publish","4":"has-post-thumbnail","6":"product_cat-koszulka","7":"product_tag-biala","8":"product_tag-czarna","9":"product_tag-koszulka","10":"product_tag-tshirt","11":"clearfix","13":"first","14":"instock","15":"shipping-taxable","16":"purchasable","17":"product-type-variable","18":"has-default-attributes"},"aioseo_notices":[],"jetpack_sharing_enabled":true,"_links":{"self":[{"href":"https:\/\/kotomory.rudny.eu\/index.php\/wp-json\/wp\/v2\/product\/41","targetHints":{"allow":["GET"]}}],"collection":[{"href":"https:\/\/kotomory.rudny.eu\/index.php\/wp-json\/wp\/v2\/product"}],"about":[{"href":"https:\/\/kotomory.rudny.eu\/index.php\/wp-json\/wp\/v2\/types\/product"}],"wp:featuredmedia":[{"embeddable":true,"href":"https:\/\/kotomory.rudny.eu\/index.php\/wp-json\/wp\/v2\/media\/273"}],"wp:attachment":[{"href":"https:\/\/kotomory.rudny.eu\/index.php\/wp-json\/wp\/v2\/media?parent=41"}],"wp:term":[{"taxonomy":"product_brand","embeddable":true,"href":"https:\/\/kotomory.rudny.eu\/index.php\/wp-json\/wp\/v2\/product_brand?post=41"},{"taxonomy":"product_cat","embeddable":true,"href":"https:\/\/kotomory.rudny.eu\/index.php\/wp-json\/wp\/v2\/product_cat?post=41"},{"taxonomy":"product_tag","embeddable":true,"href":"https:\/\/kotomory.rudny.eu\/index.php\/wp-json\/wp\/v2\/product_tag?post=41"}],"curies":[{"name":"wp","href":"https:\/\/api.w.org\/{rel}","templated":true}]}}