{"id":39,"date":"2020-09-16T21:51:15","date_gmt":"2020-09-16T19:51:15","guid":{"rendered":"http:\/\/iza2.rudny.eu\/?post_type=product&#038;p=39"},"modified":"2020-09-17T23:43:57","modified_gmt":"2020-09-17T21:43:57","slug":"czapeczka-dyktatorzy","status":"publish","type":"product","link":"https:\/\/kotomory.rudny.eu\/index.php\/produkt\/czapeczka-dyktatorzy\/","title":{"rendered":"Czapeczka Towarzysze 3"},"content":{"rendered":"<h2>Czapeczka Towarzysze 3<\/h2>\n<p>Czapki s\u0105 dostarczane przez czesk\u0105 firm\u0119 Adler przyk\u0142adaj\u0105c\u0105 zawsze wysok\u0105 wag\u0119 do jako\u015bci materia\u0142\u00f3w.<\/p>\n<p>Grafiki z cyklu Towarzysze s\u0105 inspirowane radosn\u0105 tw\u00f3rczo\u015bci\u0105 Georga Orwella oraz sztuk\u0105 propagandow\u0105.<\/p>\n","protected":false},"excerpt":{"rendered":"<h4>materia\u0142: 100% bawe\u0142na<\/h4>\n<h4>gramatura: 340 g\/m2<\/h4>\n<h4>rodzaj druku: haft<\/h4>\n","protected":false},"featured_media":143,"template":"","meta":{"_monsterinsights_skip_tracking":false,"_monsterinsights_sitenote_active":false,"_monsterinsights_sitenote_note":"","_monsterinsights_sitenote_category":0},"product_brand":[],"product_cat":[18],"product_tag":[21,19,40],"class_list":{"0":"post-39","1":"product","2":"type-product","3":"status-publish","4":"has-post-thumbnail","6":"product_cat-czapeczki","7":"product_tag-biala","8":"product_tag-czapeczka","9":"product_tag-towarzysze","10":"clearfix","12":"first","13":"instock","14":"shipping-taxable","15":"purchasable","16":"product-type-simple"},"aioseo_notices":[],"jetpack_sharing_enabled":true,"_links":{"self":[{"href":"https:\/\/kotomory.rudny.eu\/index.php\/wp-json\/wp\/v2\/product\/39","targetHints":{"allow":["GET"]}}],"collection":[{"href":"https:\/\/kotomory.rudny.eu\/index.php\/wp-json\/wp\/v2\/product"}],"about":[{"href":"https:\/\/kotomory.rudny.eu\/index.php\/wp-json\/wp\/v2\/types\/product"}],"wp:featuredmedia":[{"embeddable":true,"href":"https:\/\/kotomory.rudny.eu\/index.php\/wp-json\/wp\/v2\/media\/143"}],"wp:attachment":[{"href":"https:\/\/kotomory.rudny.eu\/index.php\/wp-json\/wp\/v2\/media?parent=39"}],"wp:term":[{"taxonomy":"product_brand","embeddable":true,"href":"https:\/\/kotomory.rudny.eu\/index.php\/wp-json\/wp\/v2\/product_brand?post=39"},{"taxonomy":"product_cat","embeddable":true,"href":"https:\/\/kotomory.rudny.eu\/index.php\/wp-json\/wp\/v2\/product_cat?post=39"},{"taxonomy":"product_tag","embeddable":true,"href":"https:\/\/kotomory.rudny.eu\/index.php\/wp-json\/wp\/v2\/product_tag?post=39"}],"curies":[{"name":"wp","href":"https:\/\/api.w.org\/{rel}","templated":true}]}}