{"id":195,"date":"2020-09-20T23:56:34","date_gmt":"2020-09-20T21:56:34","guid":{"rendered":"https:\/\/kotomory.rudny.eu\/?post_type=product&#038;p=195"},"modified":"2020-11-09T17:17:22","modified_gmt":"2020-11-09T16:17:22","slug":"this-one-is-mine-koszulka","status":"publish","type":"product","link":"https:\/\/kotomory.rudny.eu\/index.php\/produkt\/this-one-is-mine-koszulka\/","title":{"rendered":"This one is mine &#8211; Koszulka"},"content":{"rendered":"<h2>This one is mine &#8211; Koszulka<\/h2>\n<p>S\u0105 \u015amierci ta\u0144cz\u0105ce, graj\u0105ce w szachy i M\u00d3WI\u0104CE CAPSLOKIEM, moja jest taka i mo\u017ce by\u0107 i wasza.<\/p>\n","protected":false},"excerpt":{"rendered":"<h4>materia\u0142: 100% bawe\u0142na<\/h4>\n<h4>gramatura: 160 g\/m2<\/h4>\n","protected":false},"featured_media":259,"template":"","meta":{"_monsterinsights_skip_tracking":false,"_monsterinsights_sitenote_active":false,"_monsterinsights_sitenote_note":"","_monsterinsights_sitenote_category":0},"product_brand":[],"product_cat":[22],"product_tag":[21,23,42,24],"class_list":{"0":"post-195","1":"product","2":"type-product","3":"status-publish","4":"has-post-thumbnail","6":"product_cat-koszulka","7":"product_tag-biala","8":"product_tag-koszulka","9":"product_tag-kot","10":"product_tag-tshirt","11":"clearfix","13":"first","14":"instock","15":"shipping-taxable","16":"purchasable","17":"product-type-variable","18":"has-default-attributes"},"aioseo_notices":[],"jetpack_sharing_enabled":true,"_links":{"self":[{"href":"https:\/\/kotomory.rudny.eu\/index.php\/wp-json\/wp\/v2\/product\/195","targetHints":{"allow":["GET"]}}],"collection":[{"href":"https:\/\/kotomory.rudny.eu\/index.php\/wp-json\/wp\/v2\/product"}],"about":[{"href":"https:\/\/kotomory.rudny.eu\/index.php\/wp-json\/wp\/v2\/types\/product"}],"wp:featuredmedia":[{"embeddable":true,"href":"https:\/\/kotomory.rudny.eu\/index.php\/wp-json\/wp\/v2\/media\/259"}],"wp:attachment":[{"href":"https:\/\/kotomory.rudny.eu\/index.php\/wp-json\/wp\/v2\/media?parent=195"}],"wp:term":[{"taxonomy":"product_brand","embeddable":true,"href":"https:\/\/kotomory.rudny.eu\/index.php\/wp-json\/wp\/v2\/product_brand?post=195"},{"taxonomy":"product_cat","embeddable":true,"href":"https:\/\/kotomory.rudny.eu\/index.php\/wp-json\/wp\/v2\/product_cat?post=195"},{"taxonomy":"product_tag","embeddable":true,"href":"https:\/\/kotomory.rudny.eu\/index.php\/wp-json\/wp\/v2\/product_tag?post=195"}],"curies":[{"name":"wp","href":"https:\/\/api.w.org\/{rel}","templated":true}]}}