{"id":191,"date":"2020-09-20T23:48:31","date_gmt":"2020-09-20T21:48:31","guid":{"rendered":"https:\/\/kotomory.rudny.eu\/?post_type=product&#038;p=191"},"modified":"2020-11-09T17:22:42","modified_gmt":"2020-11-09T16:22:42","slug":"belive-in-your-wilder-side-koszulka-czarna","status":"publish","type":"product","link":"https:\/\/kotomory.rudny.eu\/index.php\/produkt\/belive-in-your-wilder-side-koszulka-czarna\/","title":{"rendered":"Belive in your wilder side &#8211; Koszulka (czarna)"},"content":{"rendered":"<h2>Belive in your wilder side &#8211; Koszulka (czarna)<\/h2>\n<p>Ludzie antropomorfizowali zwierz\u0119ta od czas\u00f3w staro\u017cytnego Egiptu i nie powinni\u015bmy<br \/>\nudawa\u0107 \u017ce nie mamy do tego poci\u0105gu \ud83d\ude09<\/p>\n","protected":false},"excerpt":{"rendered":"<h4>materia\u0142: 100% bawe\u0142na<\/h4>\n<h4>gramatura: 160 g\/m2<\/h4>\n","protected":false},"featured_media":260,"template":"","meta":{"_monsterinsights_skip_tracking":false,"_monsterinsights_sitenote_active":false,"_monsterinsights_sitenote_note":"","_monsterinsights_sitenote_category":0},"product_brand":[],"product_cat":[22],"product_tag":[25,23,42,24],"class_list":{"0":"post-191","1":"product","2":"type-product","3":"status-publish","4":"has-post-thumbnail","6":"product_cat-koszulka","7":"product_tag-czarna","8":"product_tag-koszulka","9":"product_tag-kot","10":"product_tag-tshirt","11":"clearfix","13":"first","14":"instock","15":"shipping-taxable","16":"purchasable","17":"product-type-variable","18":"has-default-attributes"},"aioseo_notices":[],"jetpack_sharing_enabled":true,"_links":{"self":[{"href":"https:\/\/kotomory.rudny.eu\/index.php\/wp-json\/wp\/v2\/product\/191","targetHints":{"allow":["GET"]}}],"collection":[{"href":"https:\/\/kotomory.rudny.eu\/index.php\/wp-json\/wp\/v2\/product"}],"about":[{"href":"https:\/\/kotomory.rudny.eu\/index.php\/wp-json\/wp\/v2\/types\/product"}],"wp:featuredmedia":[{"embeddable":true,"href":"https:\/\/kotomory.rudny.eu\/index.php\/wp-json\/wp\/v2\/media\/260"}],"wp:attachment":[{"href":"https:\/\/kotomory.rudny.eu\/index.php\/wp-json\/wp\/v2\/media?parent=191"}],"wp:term":[{"taxonomy":"product_brand","embeddable":true,"href":"https:\/\/kotomory.rudny.eu\/index.php\/wp-json\/wp\/v2\/product_brand?post=191"},{"taxonomy":"product_cat","embeddable":true,"href":"https:\/\/kotomory.rudny.eu\/index.php\/wp-json\/wp\/v2\/product_cat?post=191"},{"taxonomy":"product_tag","embeddable":true,"href":"https:\/\/kotomory.rudny.eu\/index.php\/wp-json\/wp\/v2\/product_tag?post=191"}],"curies":[{"name":"wp","href":"https:\/\/api.w.org\/{rel}","templated":true}]}}