{"id":153,"date":"2020-09-18T00:24:12","date_gmt":"2020-09-17T22:24:12","guid":{"rendered":"https:\/\/kotomory.rudny.eu\/?post_type=product&#038;p=153"},"modified":"2020-11-09T17:52:32","modified_gmt":"2020-11-09T16:52:32","slug":"kotomory-melancholijny-torba","status":"publish","type":"product","link":"https:\/\/kotomory.rudny.eu\/index.php\/produkt\/kotomory-melancholijny-torba\/","title":{"rendered":"Kotomory (melancholijny) &#8211; Torba"},"content":{"rendered":"<h2>Kotomory (melancholijny) &#8211; Torba<\/h2>\n<p>Tak jak ka\u017cdy kot posiada w\u0142asny, niepowtarzalny charakter tak i moje torby b\u0119d\u0105 mog\u0142y przedstawi\u0107 tw\u00f3j charakter i nastawienie do \u015bwiata \ud83d\ude42<\/p>\n","protected":false},"excerpt":{"rendered":"<h4>materia\u0142: 100% bawe\u0142na<\/h4>\n<h4>gramatura: 90 g\/m2<\/h4>\n","protected":false},"featured_media":267,"template":"","meta":{"_monsterinsights_skip_tracking":false,"_monsterinsights_sitenote_active":false,"_monsterinsights_sitenote_note":"","_monsterinsights_sitenote_category":0},"product_brand":[],"product_cat":[39,28],"product_tag":[21,25,30,29],"class_list":{"0":"post-153","1":"product","2":"type-product","3":"status-publish","4":"has-post-thumbnail","6":"product_cat-kotomory","7":"product_cat-torba","8":"product_tag-biala","9":"product_tag-czarna","10":"product_tag-kotomory","11":"product_tag-torba","12":"clearfix","14":"first","15":"instock","16":"shipping-taxable","17":"purchasable","18":"product-type-variable","19":"has-default-attributes"},"aioseo_notices":[],"jetpack_sharing_enabled":true,"_links":{"self":[{"href":"https:\/\/kotomory.rudny.eu\/index.php\/wp-json\/wp\/v2\/product\/153","targetHints":{"allow":["GET"]}}],"collection":[{"href":"https:\/\/kotomory.rudny.eu\/index.php\/wp-json\/wp\/v2\/product"}],"about":[{"href":"https:\/\/kotomory.rudny.eu\/index.php\/wp-json\/wp\/v2\/types\/product"}],"wp:featuredmedia":[{"embeddable":true,"href":"https:\/\/kotomory.rudny.eu\/index.php\/wp-json\/wp\/v2\/media\/267"}],"wp:attachment":[{"href":"https:\/\/kotomory.rudny.eu\/index.php\/wp-json\/wp\/v2\/media?parent=153"}],"wp:term":[{"taxonomy":"product_brand","embeddable":true,"href":"https:\/\/kotomory.rudny.eu\/index.php\/wp-json\/wp\/v2\/product_brand?post=153"},{"taxonomy":"product_cat","embeddable":true,"href":"https:\/\/kotomory.rudny.eu\/index.php\/wp-json\/wp\/v2\/product_cat?post=153"},{"taxonomy":"product_tag","embeddable":true,"href":"https:\/\/kotomory.rudny.eu\/index.php\/wp-json\/wp\/v2\/product_tag?post=153"}],"curies":[{"name":"wp","href":"https:\/\/api.w.org\/{rel}","templated":true}]}}