{"id":70,"date":"2020-09-16T22:26:54","date_gmt":"2020-09-16T20:26:54","guid":{"rendered":"http:\/\/iza2.rudny.eu\/?page_id=70"},"modified":"2020-09-17T07:45:35","modified_gmt":"2020-09-17T05:45:35","slug":"art","status":"publish","type":"page","link":"https:\/\/kotomory.rudny.eu\/index.php\/art\/","title":{"rendered":"Art"},"content":{"rendered":"\n<h2 class=\"wp-block-heading\">Sztuka, tym si\u0119 zajmuj\u0119.<\/h2>\n\n\n\n<p>Galeria wzor\u00f3w <\/p>\n\n\n\n<figure class=\"wp-block-gallery columns-3 is-cropped wp-block-gallery-1 is-layout-flex wp-block-gallery-is-layout-flex\"><ul class=\"blocks-gallery-grid\"><li class=\"blocks-gallery-item\"><figure><a href=\"http:\/\/iza2.rudny.eu\/wp-content\/uploads\/2020\/09\/Torba-Kotomory-a-1024-1.jpg\"><img decoding=\"async\" src=\"http:\/\/iza2.rudny.eu\/wp-content\/uploads\/2020\/09\/Torba-Kotomory-a-1024-1.jpg\" alt=\"\" data-id=\"67\" data-full-url=\"http:\/\/iza2.rudny.eu\/wp-content\/uploads\/2020\/09\/Torba-Kotomory-a-1024-1.jpg\" data-link=\"http:\/\/iza2.rudny.eu\/index.php\/kim-jestem\/torba-kotomory-a-1024-1\/\" class=\"wp-image-67\"\/><\/a><\/figure><\/li><li class=\"blocks-gallery-item\"><figure><a href=\"http:\/\/iza2.rudny.eu\/wp-content\/uploads\/2020\/09\/Koszulka-angel-and-devil-1024.jpg\"><img decoding=\"async\" src=\"http:\/\/iza2.rudny.eu\/wp-content\/uploads\/2020\/09\/Koszulka-angel-and-devil-1024.jpg\" alt=\"\" data-id=\"48\" data-full-url=\"http:\/\/iza2.rudny.eu\/wp-content\/uploads\/2020\/09\/Koszulka-angel-and-devil-1024.jpg\" data-link=\"http:\/\/iza2.rudny.eu\/?attachment_id=48\" class=\"wp-image-48\"\/><\/a><\/figure><\/li><li class=\"blocks-gallery-item\"><figure><a href=\"http:\/\/iza2.rudny.eu\/wp-content\/uploads\/2020\/09\/Czapka-Towarzysze-1-1024.png\"><img loading=\"lazy\" decoding=\"async\" width=\"1024\" height=\"890\" src=\"http:\/\/iza2.rudny.eu\/wp-content\/uploads\/2020\/09\/Czapka-Towarzysze-1-1024.png\" alt=\"\" data-id=\"40\" data-full-url=\"http:\/\/iza2.rudny.eu\/wp-content\/uploads\/2020\/09\/Czapka-Towarzysze-1-1024.png\" data-link=\"http:\/\/iza2.rudny.eu\/?attachment_id=40\" class=\"wp-image-40\" srcset=\"https:\/\/kotomory.rudny.eu\/wp-content\/uploads\/2020\/09\/Czapka-Towarzysze-1-1024.png 1024w, https:\/\/kotomory.rudny.eu\/wp-content\/uploads\/2020\/09\/Czapka-Towarzysze-1-1024-600x521.png 600w\" sizes=\"auto, (max-width: 1024px) 100vw, 1024px\" \/><\/a><\/figure><\/li><\/ul><\/figure>\n\n\n\n<p>Galeria obraz\u00f3w<\/p>\n\n\n\n<figure class=\"wp-block-gallery columns-3 is-cropped wp-block-gallery-2 is-layout-flex wp-block-gallery-is-layout-flex\"><ul class=\"blocks-gallery-grid\"><li class=\"blocks-gallery-item\"><figure><a href=\"http:\/\/iza2.rudny.eu\/wp-content\/uploads\/2020\/09\/Torba-Kotomory-a-1024.jpg\"><img decoding=\"async\" src=\"http:\/\/iza2.rudny.eu\/wp-content\/uploads\/2020\/09\/Torba-Kotomory-a-1024.jpg\" alt=\"\" data-id=\"50\" data-full-url=\"http:\/\/iza2.rudny.eu\/wp-content\/uploads\/2020\/09\/Torba-Kotomory-a-1024.jpg\" data-link=\"http:\/\/iza2.rudny.eu\/?attachment_id=50\" class=\"wp-image-50\"\/><\/a><\/figure><\/li><li class=\"blocks-gallery-item\"><figure><a href=\"http:\/\/iza2.rudny.eu\/wp-content\/uploads\/2020\/09\/Koszulka-angel-and-devil-1024.jpg\"><img decoding=\"async\" src=\"http:\/\/iza2.rudny.eu\/wp-content\/uploads\/2020\/09\/Koszulka-angel-and-devil-1024.jpg\" alt=\"\" data-id=\"48\" data-full-url=\"http:\/\/iza2.rudny.eu\/wp-content\/uploads\/2020\/09\/Koszulka-angel-and-devil-1024.jpg\" data-link=\"http:\/\/iza2.rudny.eu\/?attachment_id=48\" class=\"wp-image-48\"\/><\/a><\/figure><\/li><li class=\"blocks-gallery-item\"><figure><a href=\"http:\/\/iza2.rudny.eu\/wp-content\/uploads\/2020\/09\/Czapka-Towarzysze-1-1024.png\"><img loading=\"lazy\" decoding=\"async\" width=\"1024\" height=\"890\" src=\"http:\/\/iza2.rudny.eu\/wp-content\/uploads\/2020\/09\/Czapka-Towarzysze-1-1024.png\" alt=\"\" data-id=\"40\" data-full-url=\"http:\/\/iza2.rudny.eu\/wp-content\/uploads\/2020\/09\/Czapka-Towarzysze-1-1024.png\" data-link=\"http:\/\/iza2.rudny.eu\/?attachment_id=40\" class=\"wp-image-40\" srcset=\"https:\/\/kotomory.rudny.eu\/wp-content\/uploads\/2020\/09\/Czapka-Towarzysze-1-1024.png 1024w, https:\/\/kotomory.rudny.eu\/wp-content\/uploads\/2020\/09\/Czapka-Towarzysze-1-1024-600x521.png 600w\" sizes=\"auto, (max-width: 1024px) 100vw, 1024px\" \/><\/a><\/figure><\/li><\/ul><\/figure>\n","protected":false},"excerpt":{"rendered":"<p>Sztuka, tym si\u0119 zajmuj\u0119. Galeria wzor\u00f3w Galeria obraz\u00f3w<\/p>\n","protected":false},"author":1,"featured_media":0,"parent":0,"menu_order":0,"comment_status":"closed","ping_status":"closed","template":"","meta":{"_monsterinsights_skip_tracking":false,"_monsterinsights_sitenote_active":false,"_monsterinsights_sitenote_note":"","_monsterinsights_sitenote_category":0,"footnotes":""},"class_list":["post-70","page","type-page","status-publish","hentry","clearfix"],"aioseo_notices":[],"jetpack_sharing_enabled":true,"_links":{"self":[{"href":"https:\/\/kotomory.rudny.eu\/index.php\/wp-json\/wp\/v2\/pages\/70","targetHints":{"allow":["GET"]}}],"collection":[{"href":"https:\/\/kotomory.rudny.eu\/index.php\/wp-json\/wp\/v2\/pages"}],"about":[{"href":"https:\/\/kotomory.rudny.eu\/index.php\/wp-json\/wp\/v2\/types\/page"}],"author":[{"embeddable":true,"href":"https:\/\/kotomory.rudny.eu\/index.php\/wp-json\/wp\/v2\/users\/1"}],"replies":[{"embeddable":true,"href":"https:\/\/kotomory.rudny.eu\/index.php\/wp-json\/wp\/v2\/comments?post=70"}],"version-history":[{"count":2,"href":"https:\/\/kotomory.rudny.eu\/index.php\/wp-json\/wp\/v2\/pages\/70\/revisions"}],"predecessor-version":[{"id":111,"href":"https:\/\/kotomory.rudny.eu\/index.php\/wp-json\/wp\/v2\/pages\/70\/revisions\/111"}],"wp:attachment":[{"href":"https:\/\/kotomory.rudny.eu\/index.php\/wp-json\/wp\/v2\/media?parent=70"}],"curies":[{"name":"wp","href":"https:\/\/api.w.org\/{rel}","templated":true}]}}