{"id":66,"date":"2020-09-16T22:22:38","date_gmt":"2020-09-16T20:22:38","guid":{"rendered":"http:\/\/iza2.rudny.eu\/?page_id=66"},"modified":"2020-11-06T11:56:21","modified_gmt":"2020-11-06T10:56:21","slug":"kim-jestem","status":"publish","type":"page","link":"https:\/\/kotomory.rudny.eu\/index.php\/kim-jestem\/","title":{"rendered":"Kim jestem?"},"content":{"rendered":"\n<p><\/p>\n\n\n\n<div class=\"wp-block-columns is-layout-flex wp-container-core-columns-is-layout-9d6595d7 wp-block-columns-is-layout-flex\">\n<div class=\"wp-block-column is-layout-flow wp-block-column-is-layout-flow\">\n<figure class=\"wp-block-image size-large is-resized\"><img loading=\"lazy\" decoding=\"async\" src=\"https:\/\/kotomory.rudny.eu\/wp-content\/uploads\/2020\/09\/20190426_190108bbb-717x1024.jpg\" alt=\"\" class=\"wp-image-160\" width=\"378\" height=\"539\" srcset=\"https:\/\/kotomory.rudny.eu\/wp-content\/uploads\/2020\/09\/20190426_190108bbb-717x1024.jpg 717w, https:\/\/kotomory.rudny.eu\/wp-content\/uploads\/2020\/09\/20190426_190108bbb-scaled-600x857.jpg 600w, https:\/\/kotomory.rudny.eu\/wp-content\/uploads\/2020\/09\/20190426_190108bbb-210x300.jpg 210w, https:\/\/kotomory.rudny.eu\/wp-content\/uploads\/2020\/09\/20190426_190108bbb-768x1097.jpg 768w, https:\/\/kotomory.rudny.eu\/wp-content\/uploads\/2020\/09\/20190426_190108bbb-1076x1536.jpg 1076w, https:\/\/kotomory.rudny.eu\/wp-content\/uploads\/2020\/09\/20190426_190108bbb-1434x2048.jpg 1434w, https:\/\/kotomory.rudny.eu\/wp-content\/uploads\/2020\/09\/20190426_190108bbb-800x1142.jpg 800w, https:\/\/kotomory.rudny.eu\/wp-content\/uploads\/2020\/09\/20190426_190108bbb-scaled.jpg 1793w\" sizes=\"auto, (max-width: 378px) 100vw, 378px\" \/><\/figure>\n\n\n\n<p><\/p>\n<\/div>\n\n\n\n<div class=\"wp-block-column is-layout-flow wp-block-column-is-layout-flow\">\n<p class=\"has-normal-font-size\">Mam na imi\u0119 Izabella i jestem studentk\u0105 Wydzia\u0142u Sztuki Uniwersytetu  Rzeszowskiego na kierunku grafika. W 2019r. uko\u0144czy\u0142am Zesp\u00f3\u0142 Szk\u00f3\u0142 Plastycznych w Tarnowie zdanym dyplomem z dziedziny grafika komputerowa.<\/p>\n\n\n\n<p class=\"has-normal-font-size\">Tworz\u0119 w technikach grafiki warsztatowej (linoryt, sucha ig\u0142a), kola\u017cu i kola\u017cu cyfrowego<\/p>\n\n\n\n<p class=\"has-normal-font-size\">W swojej tw\u00f3rczo\u015bci staram si\u0119 inspirowa\u0107 Polsk\u0105 Szko\u0142\u0105 Plakatu, sztuk\u0105 konstuktywistyczn\u0105 (m.in. Teresy \u017barnower\u00f3wny, Mieczys\u0142awa Chojnowskiego, Krzysztofa Tyczkowskiego), sztuk\u0105 propagandow\u0105, oraz rycinami mistrz\u00f3w grafiki z prze\u0142omu XV-XVII w (m.in. Albrechta Durera, Hansa Holbejna m\u0142odszego, Jacquesa Callot)  <\/p>\n\n\n\n<p><\/p>\n<\/div>\n<\/div>\n","protected":false},"excerpt":{"rendered":"<p>Mam na imi\u0119 Izabella i jestem studentk\u0105 Wydzia\u0142u Sztuki Uniwersytetu Rzeszowskiego na kierunku grafika. W 2019r. uko\u0144czy\u0142am Zesp\u00f3\u0142 Szk\u00f3\u0142 Plastycznych w Tarnowie zdanym dyplomem z dziedziny grafika komputerowa. Tworz\u0119 w technikach grafiki warsztatowej (linoryt, sucha ig\u0142a), kola\u017cu i kola\u017cu cyfrowego W swojej tw\u00f3rczo\u015bci staram si\u0119 inspirowa\u0107 Polsk\u0105 Szko\u0142\u0105 Plakatu, sztuk\u0105 konstuktywistyczn\u0105 (m.in. Teresy \u017barnower\u00f3wny, Mieczys\u0142awa [&hellip;]<\/p>\n","protected":false},"author":1,"featured_media":160,"parent":0,"menu_order":0,"comment_status":"closed","ping_status":"closed","template":"","meta":{"_monsterinsights_skip_tracking":false,"_monsterinsights_sitenote_active":false,"_monsterinsights_sitenote_note":"","_monsterinsights_sitenote_category":0,"footnotes":""},"class_list":["post-66","page","type-page","status-publish","has-post-thumbnail","hentry","clearfix"],"aioseo_notices":[],"jetpack_sharing_enabled":true,"_links":{"self":[{"href":"https:\/\/kotomory.rudny.eu\/index.php\/wp-json\/wp\/v2\/pages\/66","targetHints":{"allow":["GET"]}}],"collection":[{"href":"https:\/\/kotomory.rudny.eu\/index.php\/wp-json\/wp\/v2\/pages"}],"about":[{"href":"https:\/\/kotomory.rudny.eu\/index.php\/wp-json\/wp\/v2\/types\/page"}],"author":[{"embeddable":true,"href":"https:\/\/kotomory.rudny.eu\/index.php\/wp-json\/wp\/v2\/users\/1"}],"replies":[{"embeddable":true,"href":"https:\/\/kotomory.rudny.eu\/index.php\/wp-json\/wp\/v2\/comments?post=66"}],"version-history":[{"count":10,"href":"https:\/\/kotomory.rudny.eu\/index.php\/wp-json\/wp\/v2\/pages\/66\/revisions"}],"predecessor-version":[{"id":169,"href":"https:\/\/kotomory.rudny.eu\/index.php\/wp-json\/wp\/v2\/pages\/66\/revisions\/169"}],"wp:featuredmedia":[{"embeddable":true,"href":"https:\/\/kotomory.rudny.eu\/index.php\/wp-json\/wp\/v2\/media\/160"}],"wp:attachment":[{"href":"https:\/\/kotomory.rudny.eu\/index.php\/wp-json\/wp\/v2\/media?parent=66"}],"curies":[{"name":"wp","href":"https:\/\/api.w.org\/{rel}","templated":true}]}}